{"id":98,"date":"2019-07-02T14:51:34","date_gmt":"2019-07-02T12:51:34","guid":{"rendered":"http:\/\/ksiegowi24.pl\/?page_id=98"},"modified":"2019-07-02T15:44:03","modified_gmt":"2019-07-02T13:44:03","slug":"polityka-prywatnosci","status":"publish","type":"page","link":"https:\/\/ksiegowi24.pl\/index.php\/polityka-prywatnosci\/","title":{"rendered":"POLITYKA PRYWATNO\u015aCI"},"content":{"rendered":"<p>&nbsp;<\/p>\n<h1>Polityka prywatno\u015bci i wykorzystywania plik\u00f3w cookies<\/h1>\n<p>Biuro Rachunkowe Ksi\u0119gowi24 Brzostek Jankowska Sp. j, z siedzib\u0105 przy ul. Kamionkowskiej 45, 03-812 Warszawa (dale \u201eBiuro\u201d) przywi\u0105zuje szczeg\u00f3ln\u0105 wag\u0119 do poszanowania prywatno\u015bci u\u017cytkownik\u00f3w odwiedzaj\u0105cych stron\u0119 internetow\u0105 pod adresem ksiegowi24.pl. Gromadzone w\u00a0dziennikach log\u00f3w dane s\u0105 wykorzystywane tylko i\u00a0wy\u0142\u0105cznie w cel\u00f3w administrowania serwisem. Biuro nie identyfikuje u\u017cytkownik\u00f3w strony www, nie przekazuje r\u00f3wnie\u017c \u017cadnych danych zawartych w logach do jakiejkolwiek trzeciej strony.<\/p>\n<p><strong>Gromadzenie danych<\/strong><\/p>\n<p>Tak jak i wi\u0119kszo\u015bci serwis\u00f3w WWW, r\u00f3wnie\u017c i my przechowujemy zapytania HTTP kierowane do naszego serwera. Przegl\u0105dane zasoby identyfikowane s\u0105 poprzez adresy URL.\u00a0 Dok\u0142adny wykaz informacji przechowywanych w\u00a0plikach log\u00f3w serwera WWW jest nast\u0119puj\u0105cy:<\/p>\n<ul>\n<li>publiczny adres IP komputera z\u00a0kt\u00f3rego nadesz\u0142o zapytanie (mo\u017ce to by\u0107 bezpo\u015brednio komputer u\u017cytkownika)<\/li>\n<li>nazw\u0119 stacji klienta &#8211; identyfikacja realizowana przez protok\u00f3\u0142 HTTP o\u00a0ile jest mo\u017cliwa,<\/li>\n<li>nazwa u\u017cytkownika podawana w\u00a0procesie autoryzacji,<\/li>\n<li>czas nadej\u015bcia zapytania,<\/li>\n<li>pierwszy wiersz \u017c\u0105dania HTTP,<\/li>\n<li>kod odpowiedzi HTTP,<\/li>\n<li>liczb\u0119 wys\u0142anych przez serwer bajt\u00f3w,<\/li>\n<li>adres URL strony poprzednio odwiedzanej przez u\u017cytkownika (referer link) &#8211; w\u00a0przypadku gdy przej\u015bcie do strony ksiegowi24.pl nast\u0105pi\u0142o przez odno\u015bnik,<\/li>\n<li>informacje o\u00a0przegl\u0105darce u\u017cytkownika,<\/li>\n<li>informacje o\u00a0b\u0142\u0119dach, jakie nast\u0105pi\u0142y przy realizacji transakcji HTTP.<\/li>\n<\/ul>\n<p>Zebrane dane nie s\u0105 kojarzone z konkretnymi osobami przegl\u0105daj\u0105cymi stron\u0119 ksiegowi24.pl. Dla zapewnienia jak najwy\u017cszej jako\u015bci serwisu, okazjonalnie analizujemy pliki z\u00a0logami w\u00a0celu okre\u015blenia: kt\u00f3re strony odwiedzane s\u0105 najcz\u0119\u015bciej, jakie przegl\u0105darki stron WWW s\u0105 stosowane, czy struktura strony nie zawiera b\u0142\u0119d\u00f3w itp.<\/p>\n<p><strong>Wykorzystywanie danych<\/strong><\/p>\n<p>Zebrane przez nas logi przechowywane s\u0105 przez czas nieokre\u015blony jako materia\u0142 pomocniczy s\u0142u\u017c\u0105cy do administrowania serwisem. Informacje w\u00a0nich zawarte nie s\u0105 ujawniane nikomu poza osobami upowa\u017cnionymi do administrowania serwerem oraz stron\u0105 ksiegowi24.pl. Na podstawie plik\u00f3w log\u00f3w mog\u0105 by\u0107 generowane statystyki stanowi\u0105ce pomoc w\u00a0administrowaniu. Zbiorcze podsumowania w\u00a0postaci takich statystyk nie zawieraj\u0105 \u017cadnych cech identyfikuj\u0105cych osoby odwiedzaj\u0105ce serwis.<\/p>\n<p><strong>Mechanizm Cookies na stronach internetowych<\/strong><\/p>\n<p><strong>Co to jest plik \u201eCookie\u201d?<\/strong><\/p>\n<p>Cookies (ciasteczka) s\u0105 to pojedyncze, ma\u0142e pliki tekstowe, wysy\u0142ane przez odwiedzane strony internetowe i pobierane na komputerze u\u017cytkownika. Informacje zawarte w tych plikach mog\u0105 by\u0107 odczytywane jedynie przez stron\u0119, kt\u00f3ra je utworzy\u0142a. Tym samym strona internetowa nie mo\u017ce mie\u0107 dost\u0119pu do innych plik\u00f3w znajduj\u0105cych si\u0119 na komputerze u\u017cytkownika.<\/p>\n<p><strong>W jakim celu strona internetowa Biura korzysta z plik\u00f3w cookie?<\/strong><\/p>\n<p>Pliki cookies u\u017cywane na stronie internetowej Biura wykorzystywane s\u0105 w\u00a0celu dostosowywania i poprawiania sposobu dzia\u0142ania witryny.<\/p>\n<p>Przyk\u0142ady wykorzystania plik\u00f3w cookies na stronie internetowej ksiegowi24.pl:<\/p>\n<ul>\n<li>ustanowienie, utrzymanie i zarz\u0105dzanie sesj\u0105 u\u017cytkownika, a tak\u017ce zapami\u0119tanie ustawie\u0144,<\/li>\n<li>weryfikacja autentyczno\u015bci sesji przegl\u0105darki,<\/li>\n<li>optymalizacja i zwi\u0119kszenie wydajno\u015bci witryny.<\/li>\n<\/ul>\n<p><strong>Jakich plik\u00f3w \u201ecookies\u201d u\u017cywamy?<\/strong><\/p>\n<p>Na stronie Biura mog\u0105 by\u0107 u\u017cywane dwa rodzaje plik\u00f3w cookies:<\/p>\n<ul>\n<li>sesyjne \u2013 pozostaj\u0105 na urz\u0105dzeniu u\u017cytkownika a\u017c do opuszczenia strony internetowej lub wy\u0142\u0105czenia oprogramowania (przegl\u0105darki internetowej)<\/li>\n<li>sta\u0142e \u2013 pozostaj\u0105 na urz\u0105dzeniu u\u017cytkownika przez czas okre\u015blony w parametrach pliku albo do momentu ich r\u0119cznego usuni\u0119cia przez u\u017cytkownika.<\/li>\n<\/ul>\n<p><strong>Czy mo\u017ce Pan\/Pani zrezygnowa\u0107 z akceptowania cookies?<\/strong><\/p>\n<p>U\u017cytkownik mo\u017ce samodzielnie i w ka\u017cdym czasie zmieni\u0107 ustawienia dotycz\u0105ce plik\u00f3w cookies, okre\u015blaj\u0105c warunki ich przechowywania i uzyskiwania dost\u0119pu przez pliki Cookies do urz\u0105dzenia U\u017cytkownika. Zmiany ustawie\u0144, U\u017cytkownik mo\u017ce dokona\u0107 za pomoc\u0105 ustawie\u0144 przegl\u0105darki internetowej lub za pomoc\u0105 konfiguracji us\u0142ugi. Ustawienia te mog\u0105 zosta\u0107 zmienione w\u00a0szczeg\u00f3lno\u015bci w taki spos\u00f3b, aby blokowa\u0107 automatyczn\u0105 obs\u0142ug\u0119 plik\u00f3w cookies w\u00a0ustawieniach przegl\u0105darki internetowej b\u0105d\u017a informowa\u0107 o ka\u017cdorazowym zamieszczeniu cookies na urz\u0105dzeniu U\u017cytkownika. Szczeg\u00f3\u0142owe informacje o mo\u017cliwo\u015bci i sposobach obs\u0142ugi plik\u00f3w cookies dost\u0119pne s\u0105 w ustawieniach oprogramowania (przegl\u0105darki internetowej).<\/p>\n<p><strong>Poni\u017cej przedstawiamy jak mo\u017cna zmieni\u0107 ustawienia przegl\u0105darek internetowych w\u00a0zakresie stosowania plik\u00f3w cookies:<\/strong><\/p>\n<ul>\n<li>przegl\u0105darka <a href=\"https:\/\/support.microsoft.com\/pl-pl\/help\/17442\/windows-internet-explorer-delete-manage-cookies\">Internet Explorer<\/a>.<\/li>\n<li>przegl\u0105darka <a href=\"https:\/\/support.mozilla.org\/pl\/kb\/ciasteczka\">Mozilla Firefox<\/a>.<\/li>\n<li>przegl\u0105darka <a href=\"https:\/\/support.google.com\/chrome\/answer\/95647?hl=pl\">Chrome<\/a>.<\/li>\n<li>przegl\u0105darka <a href=\"https:\/\/support.apple.com\/pl-pl\/HT201265\">Safari<\/a>.<\/li>\n<li>przegl\u0105darka <a href=\"http:\/\/help.opera.com\/Linux\/9.22\/pl\/cookies.html\">Opera<\/a>.<\/li>\n<\/ul>\n<p><strong>Z czym si\u0119 wi\u0105\u017ce odmowa na korzystane z plik\u00f3w cookies?<\/strong><\/p>\n<p>Bez akceptacji plik\u00f3w cookies niekt\u00f3re funkcje serwisu mog\u0105 nie dzia\u0142a\u0107 poprawnie lub mog\u0105 by\u0107 niedost\u0119pne poniewa\u017c pliki cookies umo\u017cliwiaj\u0105 utrzymanie oraz weryfikacj\u0119 autentyczno\u015bci sesji przegl\u0105darki, maj\u0105 te\u017c wp\u0142yw na optymalizacj\u0119 i zwi\u0119kszenie wydajno\u015bci us\u0142ug dost\u0119pnych na stronie WWW Biura.<\/p>\n<p>&nbsp;<\/p>\n","protected":false},"excerpt":{"rendered":"<p>&nbsp; Polityka prywatno\u015bci i wykorzystywania plik\u00f3w cookies Biuro Rachunkowe Ksi\u0119gowi24 Brzostek Jankowska Sp. j, z siedzib\u0105 przy ul. Kamionkowskiej 45, 03-812 Warszawa (dale \u201eBiuro\u201d) przywi\u0105zuje szczeg\u00f3ln\u0105 wag\u0119 do poszanowania prywatno\u015bci u\u017cytkownik\u00f3w odwiedzaj\u0105cych stron\u0119 internetow\u0105 pod adresem ksiegowi24.pl. Gromadzone w\u00a0dziennikach log\u00f3w dane s\u0105 wykorzystywane tylko i\u00a0wy\u0142\u0105cznie w cel\u00f3w administrowania serwisem. Biuro nie identyfikuje u\u017cytkownik\u00f3w strony www, nie przekazuje r\u00f3wnie\u017c \u017cadnych danych zawartych w logach do jakiejkolwiek trzeciej strony. Gromadzenie danych Tak jak i wi\u0119kszo\u015bci serwis\u00f3w WWW, r\u00f3wnie\u017c i my przechowujemy zapytania HTTP kierowane do naszego serwera. Przegl\u0105dane zasoby identyfikowane s\u0105 poprzez adresy URL.\u00a0 Dok\u0142adny wykaz informacji przechowywanych w\u00a0plikach log\u00f3w serwera WWW jest nast\u0119puj\u0105cy: publiczny adres IP komputera z\u00a0kt\u00f3rego nadesz\u0142o zapytanie (mo\u017ce to by\u0107 bezpo\u015brednio komputer u\u017cytkownika) nazw\u0119 stacji klienta &#8211; identyfikacja realizowana przez protok\u00f3\u0142 HTTP o\u00a0ile jest mo\u017cliwa, nazwa u\u017cytkownika podawana w\u00a0procesie autoryzacji, czas nadej\u015bcia zapytania, pierwszy wiersz \u017c\u0105dania HTTP, kod odpowiedzi HTTP, liczb\u0119 wys\u0142anych przez serwer bajt\u00f3w, adres URL strony poprzednio odwiedzanej przez u\u017cytkownika (referer link) &#8211; w\u00a0przypadku gdy przej\u015bcie do strony ksiegowi24.pl nast\u0105pi\u0142o przez odno\u015bnik, informacje o\u00a0przegl\u0105darce u\u017cytkownika, informacje o\u00a0b\u0142\u0119dach, jakie nast\u0105pi\u0142y przy realizacji transakcji HTTP. Zebrane dane nie s\u0105 kojarzone z konkretnymi osobami przegl\u0105daj\u0105cymi stron\u0119 ksiegowi24.pl. Dla zapewnienia jak najwy\u017cszej jako\u015bci serwisu, okazjonalnie analizujemy pliki z\u00a0logami w\u00a0celu okre\u015blenia: kt\u00f3re strony odwiedzane s\u0105 najcz\u0119\u015bciej, jakie przegl\u0105darki stron WWW s\u0105 stosowane, czy struktura strony nie zawiera b\u0142\u0119d\u00f3w itp. Wykorzystywanie danych Zebrane przez nas logi przechowywane s\u0105 przez czas nieokre\u015blony jako materia\u0142 pomocniczy s\u0142u\u017c\u0105cy do administrowania serwisem. Informacje w\u00a0nich zawarte nie s\u0105 ujawniane nikomu poza osobami upowa\u017cnionymi do administrowania serwerem oraz stron\u0105 ksiegowi24.pl. Na podstawie plik\u00f3w log\u00f3w mog\u0105 by\u0107 generowane statystyki stanowi\u0105ce pomoc w\u00a0administrowaniu. Zbiorcze podsumowania w\u00a0postaci takich statystyk nie zawieraj\u0105 \u017cadnych cech identyfikuj\u0105cych osoby odwiedzaj\u0105ce serwis. Mechanizm Cookies na stronach internetowych Co to jest plik \u201eCookie\u201d? Cookies (ciasteczka) s\u0105 to pojedyncze, ma\u0142e pliki tekstowe, wysy\u0142ane przez odwiedzane strony internetowe i pobierane na komputerze u\u017cytkownika. Informacje zawarte w tych plikach mog\u0105 by\u0107 odczytywane jedynie przez stron\u0119, kt\u00f3ra je utworzy\u0142a. Tym samym strona internetowa nie mo\u017ce mie\u0107 dost\u0119pu do innych plik\u00f3w znajduj\u0105cych si\u0119 na komputerze u\u017cytkownika. W jakim celu strona internetowa Biura korzysta z plik\u00f3w cookie? Pliki cookies u\u017cywane na stronie internetowej Biura wykorzystywane s\u0105 w\u00a0celu dostosowywania i poprawiania sposobu dzia\u0142ania witryny. Przyk\u0142ady wykorzystania plik\u00f3w cookies na stronie internetowej ksiegowi24.pl: ustanowienie, utrzymanie i zarz\u0105dzanie sesj\u0105 u\u017cytkownika, a tak\u017ce zapami\u0119tanie ustawie\u0144, weryfikacja autentyczno\u015bci sesji przegl\u0105darki, optymalizacja i zwi\u0119kszenie wydajno\u015bci witryny. Jakich plik\u00f3w \u201ecookies\u201d u\u017cywamy? Na stronie Biura mog\u0105 by\u0107 u\u017cywane dwa rodzaje plik\u00f3w cookies: sesyjne \u2013 pozostaj\u0105 na urz\u0105dzeniu u\u017cytkownika a\u017c do opuszczenia strony internetowej lub wy\u0142\u0105czenia oprogramowania (przegl\u0105darki internetowej) sta\u0142e \u2013 pozostaj\u0105 na urz\u0105dzeniu u\u017cytkownika przez czas okre\u015blony w parametrach pliku albo do momentu ich r\u0119cznego usuni\u0119cia przez u\u017cytkownika. Czy mo\u017ce Pan\/Pani zrezygnowa\u0107 z akceptowania cookies? U\u017cytkownik mo\u017ce samodzielnie i w ka\u017cdym czasie zmieni\u0107 ustawienia dotycz\u0105ce plik\u00f3w cookies, okre\u015blaj\u0105c warunki ich przechowywania i uzyskiwania dost\u0119pu przez pliki Cookies do urz\u0105dzenia U\u017cytkownika. Zmiany ustawie\u0144, U\u017cytkownik mo\u017ce dokona\u0107 za pomoc\u0105 ustawie\u0144 przegl\u0105darki internetowej lub za pomoc\u0105 konfiguracji us\u0142ugi. Ustawienia te mog\u0105 zosta\u0107 zmienione w\u00a0szczeg\u00f3lno\u015bci w taki spos\u00f3b, aby blokowa\u0107 automatyczn\u0105 obs\u0142ug\u0119 plik\u00f3w cookies w\u00a0ustawieniach przegl\u0105darki internetowej b\u0105d\u017a informowa\u0107 o ka\u017cdorazowym zamieszczeniu cookies na urz\u0105dzeniu U\u017cytkownika. Szczeg\u00f3\u0142owe informacje o mo\u017cliwo\u015bci i sposobach obs\u0142ugi plik\u00f3w cookies dost\u0119pne s\u0105 w ustawieniach oprogramowania (przegl\u0105darki internetowej). Poni\u017cej przedstawiamy jak mo\u017cna zmieni\u0107 ustawienia przegl\u0105darek internetowych w\u00a0zakresie stosowania plik\u00f3w cookies: przegl\u0105darka Internet Explorer. przegl\u0105darka Mozilla Firefox. przegl\u0105darka Chrome. przegl\u0105darka Safari. przegl\u0105darka Opera. Z czym si\u0119 wi\u0105\u017ce odmowa na korzystane z plik\u00f3w cookies? Bez akceptacji plik\u00f3w cookies niekt\u00f3re funkcje serwisu mog\u0105 nie dzia\u0142a\u0107 poprawnie lub mog\u0105 by\u0107 niedost\u0119pne poniewa\u017c pliki cookies umo\u017cliwiaj\u0105 utrzymanie oraz weryfikacj\u0119 autentyczno\u015bci sesji przegl\u0105darki, maj\u0105 te\u017c wp\u0142yw na optymalizacj\u0119 i zwi\u0119kszenie wydajno\u015bci us\u0142ug dost\u0119pnych na stronie WWW Biura. &nbsp;<\/p>\n","protected":false},"author":1,"featured_media":0,"parent":0,"menu_order":0,"comment_status":"closed","ping_status":"closed","template":"","meta":{"footnotes":""},"class_list":["post-98","page","type-page","status-publish","hentry"],"_links":{"self":[{"href":"https:\/\/ksiegowi24.pl\/index.php\/wp-json\/wp\/v2\/pages\/98","targetHints":{"allow":["GET"]}}],"collection":[{"href":"https:\/\/ksiegowi24.pl\/index.php\/wp-json\/wp\/v2\/pages"}],"about":[{"href":"https:\/\/ksiegowi24.pl\/index.php\/wp-json\/wp\/v2\/types\/page"}],"author":[{"embeddable":true,"href":"https:\/\/ksiegowi24.pl\/index.php\/wp-json\/wp\/v2\/users\/1"}],"replies":[{"embeddable":true,"href":"https:\/\/ksiegowi24.pl\/index.php\/wp-json\/wp\/v2\/comments?post=98"}],"version-history":[{"count":3,"href":"https:\/\/ksiegowi24.pl\/index.php\/wp-json\/wp\/v2\/pages\/98\/revisions"}],"predecessor-version":[{"id":109,"href":"https:\/\/ksiegowi24.pl\/index.php\/wp-json\/wp\/v2\/pages\/98\/revisions\/109"}],"wp:attachment":[{"href":"https:\/\/ksiegowi24.pl\/index.php\/wp-json\/wp\/v2\/media?parent=98"}],"curies":[{"name":"wp","href":"https:\/\/api.w.org\/{rel}","templated":true}]}}